{"id":28,"date":"2023-03-13T07:52:46","date_gmt":"2023-03-13T06:52:46","guid":{"rendered":"https:\/\/horizon-location-merlette.fr\/?page_id=28"},"modified":"2023-05-12T23:23:39","modified_gmt":"2023-05-12T21:23:39","slug":"reservation","status":"publish","type":"page","link":"https:\/\/horizon-location-merlette.fr\/index.php\/reservation\/","title":{"rendered":"R\u00e9servation"},"content":{"rendered":"<div  data-label=\"Content\" data-id=\"content--1\" data-export-id=\"content-7-mc\" data-category=\"content\" class=\"content-7-mc content-section content-section-spacing\" id=\"content-1\" style=\"background-color: rgb(255, 255, 255);\"><div  class=\"gridContainer\"> <div  class=\"row middle-sm\"><div  class=\"col-sm-6 space-bottom-xs\" data-type=\"column\">   <div  data-editable=\"true\" data-name=\"ope-custom-content-shortcode\" data-content-shortcode=\"booking\" class=\"\"> <div id=\"form_id1007222213907\" class=\"wpbc_container wpbc_form wpbc_container_booking_form \" ><form id=\"booking_form1\" class=\"booking_form vertical\" method=\"post\" action=\"\"><div id=\"ajax_respond_insert1\" class=\"ajax_respond_insert\" style=\"display:none;\"><\/div><a name=\"bklnk1\" id=\"bklnk1\"><\/a><div id=\"booking_form_div1\" class=\"booking_form_div\"><style type=\"text\/css\">.wpbc_container_booking_form .block_hints, .wpbc_booking_form_simple.wpbc_form_center .wpbc__form__div .wpbc__row.wpbc_r_calendar, .wpbc_booking_form_simple .wpbc__form__div .wpbc__row:not(.wpbc_r_calendar){max-width:440px;} <\/style>\n<div class=\"wpbc_booking_form_simple \">\n<div class=\"wpbc__form__div\">\n\t\t\t<div class=\"wpbc_r_calendar wpbc__row\">\n\t\t\t\t<div class=\"wpbc_r_calendar wpbc__field\"> <label><\/label><br><div class=\"wpbc_calendar_wraper wpbc_change_over_triangle wpbc_calendar_skin_legacy\"><div class=\"wpbc_cal_container bk_calendar_frame wpbc_no_custom_width  months_num_in_row_ cal_month_num_1 wpbc_timeslot_day_bg_as_available\" style=\"\"><div id=\"calendar_booking1\"  class=\"wpbc_calendar_id_1\" >\t<div class=\"calendar_loader_frame calendar_loader_frame1\"\r\n\t\tdata-wpbc-rid=\"1\"\r\n\t\tdata-wpbc-grace=\"8000\"\r\n\t\tstyle=\"--wpbc-loader-cols: 1;\"\r\n\t>\r\n\t\t<div class=\"calendar_loader_text\">Loading...<\/div>\r\n\t\t<div class=\"calendar_loader_frame__progress_line_container\">\r\n\t\t\t<div class=\"calendar_loader_frame__progress_line\"><\/div>\r\n\t\t<\/div>\r\n\t<\/div>\r\n\t<\/div><\/div><div style=\"font-size:7px;text-align:left;margin:0 0 10px;text-shadow: none;\">Powered by <a href=\"https:\/\/wpbookingcalendar.com\" style=\"font-size:7px;\" target=\"_blank\" title=\"Booking Calendar plugin for WordPress\">Booking Calendar<\/a><\/div><textarea id=\"date_booking1\" name=\"date_booking1\" autocomplete=\"off\" style=\"display:none;\"><\/textarea><div class=\"block_hints datepick \"><div class=\"wpdev_hint_with_text\"><div class=\"\"><div class=\"datepick-inline wpbc_calendar_legend_table_width_height\"><table class=\"datepick wpbc_calendar\" style=\"\"><tbody><tr><td class=\"datepick-days-cell date_available wpbc_calendar_legend_day_cell_height\"><div class=\"wpbc-cell-box\">\t<div class=\"date-cell-content\">\t\t<div class=\"date-content-top\"><\/div>\t\t<a>&nbsp;<\/a>\t\t<div class=\"date-content-bottom\"><\/div>\t<\/div><\/div><\/td><\/tr><\/tbody><\/table><\/div><\/div><div class=\"block_text\">- <\/div><div class=\"block_text\">Disponible<\/div><\/div><div class=\"wpdev_hint_with_text\"><div class=\"\"><div class=\"datepick-inline wpbc_calendar_legend_table_width_height\"><table class=\"datepick wpbc_calendar\" style=\"\"><tbody><tr><td class=\"datepick-days-cell datepick-unselectable date_user_unavailable full_day_booking date_approved wpbc_calendar_legend_day_cell_height\"><div class=\"wpbc-cell-box\">\t<div class=\"date-cell-content\">\t\t<div class=\"date-content-top\"><\/div>\t\t<span>&nbsp;<\/span>\t\t<div class=\"date-content-bottom\"><\/div>\t<\/div><\/div><\/td><\/tr><\/tbody><\/table><\/div><\/div><div class=\"block_text\">- <\/div><div class=\"block_text\">R\u00e9serv\u00e9<\/div><\/div><div class=\"wpdev_hint_with_text\"><div class=\"\"><div class=\"datepick-inline wpbc_calendar_legend_table_width_height\"><table class=\"datepick wpbc_calendar\" style=\"\"><tbody><tr><td class=\"datepick-days-cell datepick-unselectable date_user_unavailable full_day_booking date2approve wpbc_calendar_legend_day_cell_height\"><div class=\"wpbc-cell-box\">\t<div class=\"date-cell-content\">\t\t<div class=\"date-content-top\"><\/div>\t\t<span>&nbsp;<\/span>\t\t<div class=\"date-content-bottom\"><\/div>\t<\/div><\/div><\/td><\/tr><\/tbody><\/table><\/div><\/div><div class=\"block_text\">- <\/div><div class=\"block_text\">En attente<\/div><\/div><div class=\"wpdev_hint_with_text\"><div class=\"\"><span class=\" wpbc_timeslot_day_bg_as_available wpbc_change_over_triangle\"><div class=\"datepick-inline wpbc_calendar_legend_table_width_height\"><table class=\"datepick wpbc_calendar\" style=\"\"><tbody><tr><td class=\"datepick-days-cell date_available date2approve timespartly times_clock wpbc_calendar_legend_day_cell_height\"><div class=\"wpbc-cell-box\">\t<div class=\"wpbc-diagonal-el\">\t\t<div class=\"wpbc-co-out\"><svg height=\"100%\" width=\"100%\" viewBox=\"0 0 100 100\" preserveAspectRatio=\"none\"><polygon points=\"0,0 0,99 99,0\"><\/polygon><polygon points=\"0,0 0,100 49,100 49,0\"><\/polygon><\/svg><\/div>\t\t<div class=\"wpbc-co-in\"><svg height=\"100%\" width=\"100%\" viewBox=\"0 0 98 98\" preserveAspectRatio=\"none\"><polygon points=\"0,99 99,99 99,0\"><\/polygon><polygon points=\"50,98 98,98 98,0 50,0\"><\/polygon><\/svg><\/div>\t<\/div>\t<div class=\"date-cell-content\">\t\t<div class=\"date-content-top\"><div class=\"wpbc_time_dots\">\u00b7<\/div><\/div>\t\t<a>&nbsp;<\/a>\t\t<div class=\"date-content-bottom\"><\/div>\t<\/div><\/div><\/td><\/tr><\/tbody><\/table><\/div><\/span><\/div><div class=\"block_text\">- <\/div><div class=\"block_text\">Partiellement r\u00e9serv\u00e9<\/div><\/div><\/div><\/div> <\/div>\n\t\t\t<\/div>\n\t\t\t<div class=\"wpbc__row\">\n\t\t\t\t<div class=\"wpbc_r_name wpbc__field\"> <label>Pr\u00e9nom*<\/label><br><span class=\"wpbc_wrap_text wpdev-form-control-wrap name1\"><input type=\"text\" name=\"name1\" value=\"\" autocomplete=\"name\" class=\"wpdev-validates-as-required\" size=\"40\" \/><\/span> <\/div>\n\t\t\t<\/div>\n\t\t\t<div class=\"wpbc__row\">\n\t\t\t\t<div class=\"wpbc_r_secondname wpbc__field\"> <label>Nom de famille*<\/label><br><span class=\"wpbc_wrap_text wpdev-form-control-wrap secondname1\"><input type=\"text\" name=\"secondname1\" value=\"\" autocomplete=\"secondname\" class=\"wpdev-validates-as-required\" size=\"40\" \/><\/span> <\/div>\n\t\t\t<\/div>\n\t\t\t<div class=\"wpbc__row\">\n\t\t\t\t<div class=\"wpbc_r_email wpbc__field\"> <label>Email*<\/label><br><span class=\"wpbc_wrap_text wpdev-form-control-wrap email1\"><input type=\"email\" name=\"email1\" value=\"\" autocomplete=\"email\" class=\"wpdev-validates-as-email wpdev-validates-as-required\" size=\"40\" \/><\/span> <\/div>\n\t\t\t<\/div>\n\t\t\t<div class=\"wpbc__row\">\n\t\t\t\t<div class=\"wpbc_r_phone wpbc__field\"> <label>T\u00e9l\u00e9phone*<\/label><br><span class=\"wpbc_wrap_text wpdev-form-control-wrap phone1\"><input type=\"text\" name=\"phone1\" value=\"\" autocomplete=\"phone\" class=\"wpdev-validates-as-required\" size=\"40\" \/><\/span> <\/div>\n\t\t\t<\/div>\n\t\t\t<div class=\"wpbc__row\">\n\t\t\t\t<div class=\"wpbc_r_captcha wpbc__field\"> <label><\/label><br><span class=\"wpbc_text_captcha_container wpdev-form-control-wrap \"><input  autocomplete=\"off\" type=\"hidden\" name=\"wpdev_captcha_challenge_1\"  id=\"wpdev_captcha_challenge_1\" value=\"2296738067\" \/><input  autocomplete=\"off\" type=\"text\" class=\"captachinput\" value=\"\" name=\"captcha_input1\" id=\"captcha_input1\" \/><img decoding=\"async\" class=\"captcha_img\"  id=\"captcha_img1\" alt=\"To show CAPTCHA, please deactivate cache plugin or exclude this page from caching or disable CAPTCHA at WP Booking Calendar - Settings General page in Form Options section.\" src=\"https:\/\/horizon-location-merlette.fr\/wp-content\/plugins\/booking\/js\/captcha\/tmp\/2296738067.png\" \/><\/span> <\/div>\n\t\t\t<\/div>\n\t\t\t<div class=\"wpbc__row\">\n\t\t\t\t<div class=\"wpbc_r_submit wpbc__field\"><input type=\"button\" value=\"Envoyer\" class=\"wpbc_button_light  btn btn\" onclick=\"wpbc_booking_form_submit(this.form,1, 'fr_FR');\" \/> <\/div>\n\t\t\t<\/div>\n<\/div>\n<\/div><input id=\"bk_type1\" name=\"bk_type1\" class=\"\" type=\"hidden\" value=\"1\" \/><\/div><div id=\"submiting1\"><\/div><div class=\"form_bk_messages\" id=\"form_bk_messages1\" ><\/div><input type=\"hidden\" id=\"wpbc_nonceCALCULATE_THE_COST1\" name=\"wpbc_nonceCALCULATE_THE_COST1\" value=\"0f0570c9c3\" \/><input type=\"hidden\" name=\"_wp_http_referer\" value=\"\/index.php\/wp-json\/wp\/v2\/pages\/28\" \/><\/form><\/div><div id=\"booking_form_garbage1\" class=\"booking_form_garbage\"><\/div> <\/div><\/div> <div  class=\"col-sm-6\" data-type=\"column\"> <img  decoding=\"async\" class=\"shadow-large\" src=\"https:\/\/horizon-location-merlette.fr\/wp-content\/uploads\/2023\/03\/cropped-cropped-26058cf1-2ca4-4bf1-bca1-f6dd5c3009ba.jpg\" title=\"horizon-location-merlette-hiver-02\" alt=\"\"><img  decoding=\"async\" class=\"custom-image\" src=\"https:\/\/horizon-location-merlette.fr\/wp-content\/uploads\/2023\/03\/cropped-91863413-c285-4918-ba20-1b2c75e84842.jpg\" title=\"horizon-location-merlette-ete-02\" alt=\"\"><\/div> <\/div><\/div> <\/div><div data-label=\"Content\" data-id=\"content--2\" data-export-id=\"content-12\" data-category=\"content\" class=\"content-12 content-section content-section-spacing\" id=\"content-2\"  style=\"background-color: rgb(245, 250, 253);\"><div class=\"gridContainer\" > <div class=\"row text-center\" ><div class=\"section-title-col\" data-type=\"column\" > <h2 class=\"\" >Conditions d&rsquo;annulation et de remboursement<\/h2> <p class=\"lead\" >Remboursement int\u00e9gral pour les annulations effectu\u00e9es dans les 48 heures suivant la r\u00e9servation, si la date d&rsquo;arriv\u00e9e intervient dans les 14 jours ou plus.\n<br >Remboursement \u00e0 hauteur de 50% pour les annulations effectu\u00e9es au moins 7 jours avant la date d&rsquo;arriv\u00e9e. Aucun remboursement pour les annulations effectu\u00e9es dans les 7 jours pr\u00e9c\u00e9dent la date d&rsquo;arriv\u00e9e.<\/p><\/div> <\/div> <div class=\"row center-xs middle-xs\" > <div class=\"col-sm-9\" data-type=\"column\" > <\/div> <\/div><\/div> <\/div>","protected":false},"excerpt":{"rendered":"<p>Conditions d&rsquo;annulation et de remboursement Remboursement int\u00e9gral pour les annulations effectu\u00e9es dans les 48 heures suivant la r\u00e9servation, si la date d&rsquo;arriv\u00e9e intervient dans les 14 jours ou plus. Remboursement \u00e0 hauteur de 50% pour les annulations effectu\u00e9es au moins 7 jours avant la date d&rsquo;arriv\u00e9e. Aucun remboursement pour les annulations effectu\u00e9es dans les 7&hellip; <br \/> <a class=\"read-more\" href=\"https:\/\/horizon-location-merlette.fr\/index.php\/reservation\/\">Read more<\/a><\/p>\n","protected":false},"author":1,"featured_media":62,"parent":0,"menu_order":0,"comment_status":"closed","ping_status":"closed","template":"pro\/page-templates\/full-width-page.php","meta":{"footnotes":""},"class_list":["post-28","page","type-page","status-publish","has-post-thumbnail","hentry"],"yoast_head":"<!-- This site is optimized with the Yoast SEO plugin v27.4 - https:\/\/yoast.com\/product\/yoast-seo-wordpress\/ -->\n<title>R\u00e9servation - Horizon Location Merlette<\/title>\n<meta name=\"robots\" content=\"index, follow, max-snippet:-1, max-image-preview:large, max-video-preview:-1\" \/>\n<link rel=\"canonical\" href=\"https:\/\/horizon-location-merlette.fr\/index.php\/reservation\/\" \/>\n<meta property=\"og:locale\" content=\"fr_FR\" \/>\n<meta property=\"og:type\" content=\"article\" \/>\n<meta property=\"og:title\" content=\"R\u00e9servation - Horizon Location Merlette\" \/>\n<meta property=\"og:description\" content=\"Conditions d&rsquo;annulation et de remboursement Remboursement int\u00e9gral pour les annulations effectu\u00e9es dans les 48 heures suivant la r\u00e9servation, si la date d&rsquo;arriv\u00e9e intervient dans les 14 jours ou plus. Remboursement \u00e0 hauteur de 50% pour les annulations effectu\u00e9es au moins 7 jours avant la date d&rsquo;arriv\u00e9e. Aucun remboursement pour les annulations effectu\u00e9es dans les 7&hellip; Read more\" \/>\n<meta property=\"og:url\" content=\"https:\/\/horizon-location-merlette.fr\/index.php\/reservation\/\" \/>\n<meta property=\"og:site_name\" content=\"Horizon Location Merlette\" \/>\n<meta property=\"article:modified_time\" content=\"2023-05-12T21:23:39+00:00\" \/>\n<meta property=\"og:image\" content=\"https:\/\/horizon-location-merlette.fr\/wp-content\/uploads\/2023\/03\/cropped-41891226-23c1-457e-80b6-84bd8385f796.jpg\" \/>\n\t<meta property=\"og:image:width\" content=\"1080\" \/>\n\t<meta property=\"og:image:height\" content=\"719\" \/>\n\t<meta property=\"og:image:type\" content=\"image\/jpeg\" \/>\n<meta name=\"twitter:card\" content=\"summary_large_image\" \/>\n<script type=\"application\/ld+json\" class=\"yoast-schema-graph\">{\"@context\":\"https:\\\/\\\/schema.org\",\"@graph\":[{\"@type\":\"WebPage\",\"@id\":\"https:\\\/\\\/horizon-location-merlette.fr\\\/index.php\\\/reservation\\\/\",\"url\":\"https:\\\/\\\/horizon-location-merlette.fr\\\/index.php\\\/reservation\\\/\",\"name\":\"R\u00e9servation - Horizon Location Merlette\",\"isPartOf\":{\"@id\":\"https:\\\/\\\/horizon-location-merlette.fr\\\/#website\"},\"primaryImageOfPage\":{\"@id\":\"https:\\\/\\\/horizon-location-merlette.fr\\\/index.php\\\/reservation\\\/#primaryimage\"},\"image\":{\"@id\":\"https:\\\/\\\/horizon-location-merlette.fr\\\/index.php\\\/reservation\\\/#primaryimage\"},\"thumbnailUrl\":\"https:\\\/\\\/horizon-location-merlette.fr\\\/wp-content\\\/uploads\\\/2023\\\/03\\\/cropped-41891226-23c1-457e-80b6-84bd8385f796.jpg\",\"datePublished\":\"2023-03-13T06:52:46+00:00\",\"dateModified\":\"2023-05-12T21:23:39+00:00\",\"breadcrumb\":{\"@id\":\"https:\\\/\\\/horizon-location-merlette.fr\\\/index.php\\\/reservation\\\/#breadcrumb\"},\"inLanguage\":\"fr-FR\",\"potentialAction\":[{\"@type\":\"ReadAction\",\"target\":[\"https:\\\/\\\/horizon-location-merlette.fr\\\/index.php\\\/reservation\\\/\"]}]},{\"@type\":\"ImageObject\",\"inLanguage\":\"fr-FR\",\"@id\":\"https:\\\/\\\/horizon-location-merlette.fr\\\/index.php\\\/reservation\\\/#primaryimage\",\"url\":\"https:\\\/\\\/horizon-location-merlette.fr\\\/wp-content\\\/uploads\\\/2023\\\/03\\\/cropped-41891226-23c1-457e-80b6-84bd8385f796.jpg\",\"contentUrl\":\"https:\\\/\\\/horizon-location-merlette.fr\\\/wp-content\\\/uploads\\\/2023\\\/03\\\/cropped-41891226-23c1-457e-80b6-84bd8385f796.jpg\",\"width\":1080,\"height\":719},{\"@type\":\"BreadcrumbList\",\"@id\":\"https:\\\/\\\/horizon-location-merlette.fr\\\/index.php\\\/reservation\\\/#breadcrumb\",\"itemListElement\":[{\"@type\":\"ListItem\",\"position\":1,\"name\":\"Accueil\",\"item\":\"https:\\\/\\\/horizon-location-merlette.fr\\\/\"},{\"@type\":\"ListItem\",\"position\":2,\"name\":\"R\u00e9servation\"}]},{\"@type\":\"WebSite\",\"@id\":\"https:\\\/\\\/horizon-location-merlette.fr\\\/#website\",\"url\":\"https:\\\/\\\/horizon-location-merlette.fr\\\/\",\"name\":\"Horizon Location Merlette\",\"description\":\"\",\"publisher\":{\"@id\":\"https:\\\/\\\/horizon-location-merlette.fr\\\/#organization\"},\"potentialAction\":[{\"@type\":\"SearchAction\",\"target\":{\"@type\":\"EntryPoint\",\"urlTemplate\":\"https:\\\/\\\/horizon-location-merlette.fr\\\/?s={search_term_string}\"},\"query-input\":{\"@type\":\"PropertyValueSpecification\",\"valueRequired\":true,\"valueName\":\"search_term_string\"}}],\"inLanguage\":\"fr-FR\"},{\"@type\":\"Organization\",\"@id\":\"https:\\\/\\\/horizon-location-merlette.fr\\\/#organization\",\"name\":\"Horizon Location Merlette\",\"url\":\"https:\\\/\\\/horizon-location-merlette.fr\\\/\",\"logo\":{\"@type\":\"ImageObject\",\"inLanguage\":\"fr-FR\",\"@id\":\"https:\\\/\\\/horizon-location-merlette.fr\\\/#\\\/schema\\\/logo\\\/image\\\/\",\"url\":\"https:\\\/\\\/horizon-location-merlette.fr\\\/wp-content\\\/uploads\\\/2023\\\/03\\\/cropped-hlm-long-1.png\",\"contentUrl\":\"https:\\\/\\\/horizon-location-merlette.fr\\\/wp-content\\\/uploads\\\/2023\\\/03\\\/cropped-hlm-long-1.png\",\"width\":1500,\"height\":699,\"caption\":\"Horizon Location Merlette\"},\"image\":{\"@id\":\"https:\\\/\\\/horizon-location-merlette.fr\\\/#\\\/schema\\\/logo\\\/image\\\/\"}}]}<\/script>\n<!-- \/ Yoast SEO plugin. -->","yoast_head_json":{"title":"R\u00e9servation - Horizon Location Merlette","robots":{"index":"index","follow":"follow","max-snippet":"max-snippet:-1","max-image-preview":"max-image-preview:large","max-video-preview":"max-video-preview:-1"},"canonical":"https:\/\/horizon-location-merlette.fr\/index.php\/reservation\/","og_locale":"fr_FR","og_type":"article","og_title":"R\u00e9servation - Horizon Location Merlette","og_description":"Conditions d&rsquo;annulation et de remboursement Remboursement int\u00e9gral pour les annulations effectu\u00e9es dans les 48 heures suivant la r\u00e9servation, si la date d&rsquo;arriv\u00e9e intervient dans les 14 jours ou plus. Remboursement \u00e0 hauteur de 50% pour les annulations effectu\u00e9es au moins 7 jours avant la date d&rsquo;arriv\u00e9e. Aucun remboursement pour les annulations effectu\u00e9es dans les 7&hellip; Read more","og_url":"https:\/\/horizon-location-merlette.fr\/index.php\/reservation\/","og_site_name":"Horizon Location Merlette","article_modified_time":"2023-05-12T21:23:39+00:00","og_image":[{"width":1080,"height":719,"url":"https:\/\/horizon-location-merlette.fr\/wp-content\/uploads\/2023\/03\/cropped-41891226-23c1-457e-80b6-84bd8385f796.jpg","type":"image\/jpeg"}],"twitter_card":"summary_large_image","schema":{"@context":"https:\/\/schema.org","@graph":[{"@type":"WebPage","@id":"https:\/\/horizon-location-merlette.fr\/index.php\/reservation\/","url":"https:\/\/horizon-location-merlette.fr\/index.php\/reservation\/","name":"R\u00e9servation - Horizon Location Merlette","isPartOf":{"@id":"https:\/\/horizon-location-merlette.fr\/#website"},"primaryImageOfPage":{"@id":"https:\/\/horizon-location-merlette.fr\/index.php\/reservation\/#primaryimage"},"image":{"@id":"https:\/\/horizon-location-merlette.fr\/index.php\/reservation\/#primaryimage"},"thumbnailUrl":"https:\/\/horizon-location-merlette.fr\/wp-content\/uploads\/2023\/03\/cropped-41891226-23c1-457e-80b6-84bd8385f796.jpg","datePublished":"2023-03-13T06:52:46+00:00","dateModified":"2023-05-12T21:23:39+00:00","breadcrumb":{"@id":"https:\/\/horizon-location-merlette.fr\/index.php\/reservation\/#breadcrumb"},"inLanguage":"fr-FR","potentialAction":[{"@type":"ReadAction","target":["https:\/\/horizon-location-merlette.fr\/index.php\/reservation\/"]}]},{"@type":"ImageObject","inLanguage":"fr-FR","@id":"https:\/\/horizon-location-merlette.fr\/index.php\/reservation\/#primaryimage","url":"https:\/\/horizon-location-merlette.fr\/wp-content\/uploads\/2023\/03\/cropped-41891226-23c1-457e-80b6-84bd8385f796.jpg","contentUrl":"https:\/\/horizon-location-merlette.fr\/wp-content\/uploads\/2023\/03\/cropped-41891226-23c1-457e-80b6-84bd8385f796.jpg","width":1080,"height":719},{"@type":"BreadcrumbList","@id":"https:\/\/horizon-location-merlette.fr\/index.php\/reservation\/#breadcrumb","itemListElement":[{"@type":"ListItem","position":1,"name":"Accueil","item":"https:\/\/horizon-location-merlette.fr\/"},{"@type":"ListItem","position":2,"name":"R\u00e9servation"}]},{"@type":"WebSite","@id":"https:\/\/horizon-location-merlette.fr\/#website","url":"https:\/\/horizon-location-merlette.fr\/","name":"Horizon Location Merlette","description":"","publisher":{"@id":"https:\/\/horizon-location-merlette.fr\/#organization"},"potentialAction":[{"@type":"SearchAction","target":{"@type":"EntryPoint","urlTemplate":"https:\/\/horizon-location-merlette.fr\/?s={search_term_string}"},"query-input":{"@type":"PropertyValueSpecification","valueRequired":true,"valueName":"search_term_string"}}],"inLanguage":"fr-FR"},{"@type":"Organization","@id":"https:\/\/horizon-location-merlette.fr\/#organization","name":"Horizon Location Merlette","url":"https:\/\/horizon-location-merlette.fr\/","logo":{"@type":"ImageObject","inLanguage":"fr-FR","@id":"https:\/\/horizon-location-merlette.fr\/#\/schema\/logo\/image\/","url":"https:\/\/horizon-location-merlette.fr\/wp-content\/uploads\/2023\/03\/cropped-hlm-long-1.png","contentUrl":"https:\/\/horizon-location-merlette.fr\/wp-content\/uploads\/2023\/03\/cropped-hlm-long-1.png","width":1500,"height":699,"caption":"Horizon Location Merlette"},"image":{"@id":"https:\/\/horizon-location-merlette.fr\/#\/schema\/logo\/image\/"}}]}},"_links":{"self":[{"href":"https:\/\/horizon-location-merlette.fr\/index.php\/wp-json\/wp\/v2\/pages\/28","targetHints":{"allow":["GET"]}}],"collection":[{"href":"https:\/\/horizon-location-merlette.fr\/index.php\/wp-json\/wp\/v2\/pages"}],"about":[{"href":"https:\/\/horizon-location-merlette.fr\/index.php\/wp-json\/wp\/v2\/types\/page"}],"author":[{"embeddable":true,"href":"https:\/\/horizon-location-merlette.fr\/index.php\/wp-json\/wp\/v2\/users\/1"}],"replies":[{"embeddable":true,"href":"https:\/\/horizon-location-merlette.fr\/index.php\/wp-json\/wp\/v2\/comments?post=28"}],"version-history":[{"count":12,"href":"https:\/\/horizon-location-merlette.fr\/index.php\/wp-json\/wp\/v2\/pages\/28\/revisions"}],"predecessor-version":[{"id":266,"href":"https:\/\/horizon-location-merlette.fr\/index.php\/wp-json\/wp\/v2\/pages\/28\/revisions\/266"}],"wp:featuredmedia":[{"embeddable":true,"href":"https:\/\/horizon-location-merlette.fr\/index.php\/wp-json\/wp\/v2\/media\/62"}],"wp:attachment":[{"href":"https:\/\/horizon-location-merlette.fr\/index.php\/wp-json\/wp\/v2\/media?parent=28"}],"curies":[{"name":"wp","href":"https:\/\/api.w.org\/{rel}","templated":true}]}}