{"id":32,"date":"2023-03-13T07:58:15","date_gmt":"2023-03-13T06:58:15","guid":{"rendered":"https:\/\/horizon-location-merlette.fr\/?page_id=32"},"modified":"2023-05-11T00:47:44","modified_gmt":"2023-05-10T22:47:44","slug":"le-logement","status":"publish","type":"page","link":"https:\/\/horizon-location-merlette.fr\/index.php\/le-logement\/","title":{"rendered":"Le logement"},"content":{"rendered":"<div  data-label=\"Content\" data-id=\"content--1\" data-export-id=\"content-7-mc\" data-category=\"content\" class=\"content-7-mc content-section content-section-spacing\" id=\"content-1\" style=\"background-color: rgb(255, 255, 255);\"><div  class=\"gridContainer\"> <div  class=\"row middle-sm\"><div  class=\"col-sm-6 space-bottom-xs\" data-type=\"column\"> <h2  class=\"\">Description&nbsp;<\/h2> <p  class=\"\">Appartement 34m2, terrasse plein Sud de 10m2 avec superbe vue d\u00e9gag\u00e9e, \u00e0 seulement 2min \u00e0 pieds du c\u0153ur de la station.\n<br ><br >\nParking priv\u00e9 dans un garage couvert ( il n\u2019est pas possible de rentrer avec un coffre de toit).\n<br ><br >\nId\u00e9al pour 4 personnes\n<br ><br >\nAmbiance chaleureuse, et conviviale.<\/p> <\/div> <div  class=\"col-sm-6\" data-type=\"column\"> <img  decoding=\"async\" class=\"shadow-large\" src=\"https:\/\/horizon-location-merlette.fr\/wp-content\/uploads\/2023\/03\/cropped-20221225_083752.jpg\" title=\"cropped-20221225_083752.jpg\" alt=\"\"><\/div> <\/div><\/div> <\/div><div  data-label=\"Content\" data-id=\"content--5\" data-export-id=\"content-12\" data-category=\"content\" class=\"content-12 content-section content-section-spacing\" id=\"content-5\" style=\"background-color: rgb(245, 250, 253); background-image: none;\"><div  class=\"gridContainer\"> <div  class=\"row text-center\"><div  class=\"section-title-col\" data-type=\"column\">  <\/div> <\/div> <div  class=\"row center-xs middle-xs\"> <div  class=\"col-sm-9\" data-type=\"column\"> <img  decoding=\"async\" class=\"shadow-large\" src=\"https:\/\/horizon-location-merlette.fr\/wp-content\/uploads\/2023\/03\/cropped-20221225_083934.jpg\" title=\"cropped-20221225_083934.jpg\" alt=\"\"><\/div> <\/div><\/div> <\/div><div  data-label=\"Content\" data-id=\"content--11\" data-export-id=\"content-12\" data-category=\"content\" class=\"content-12 content-section content-section-spacing\" id=\"content-11\" style=\"background-color: rgb(255, 255, 255); background-image: none;\"><div  class=\"gridContainer\"> <div  class=\"row text-center\"><div  class=\"section-title-col\" data-type=\"column\">  <div  data-editable=\"true\" data-name=\"ope-custom-content-shortcode\" data-content-shortcode=\"google_map_easy id=&quot;1&quot;\" class=\"\"><style type=\"text\/css\" id=\"gmpMapStyles_1_24516\">\r\n\t#google_map_easy_1_24516 {\r\n        width: 100%;\r\n        height: 600px;\r\n\t\t\t\t\t\t    }\r\n\t#gmapControlsNum_1_24516 {\r\n\t\twidth:100%\t}\r\n\t.gmpMapDetailsContainer#gmpMapDetailsContainer_1_24516 {\r\n\t\theight:600px;\r\n\t}\r\n\t.gmp_MapPreview#google_map_easy_1_24516 {\r\n\t\t\/*position:absolute;*\/\r\n\t\twidth: 100%;\r\n\t}\r\n\t#mapConElem_1_24516{\r\n\t\twidth: 100%\t}\r\n    .gm-style .gm-style-iw-c{\r\n        padding: 12px!important;\r\n    }\r\n\t    <\/style>\r\n <div class=\"gmp_map_opts\" id=\"mapConElem_1_24516\" data-id=\"1\" data-view-id=\"1_24516\" > <div class=\"gmpMapDetailsContainer\" id=\"gmpMapDetailsContainer_1_24516\"> <i class=\"gmpKMLLayersPreloader fa fa-spinner fa-spin\" aria-hidden=\"true\" style=\"display: none;\"><\/i> <div class=\"gmp_MapPreview \" id=\"google_map_easy_1_24516\"><\/div> <\/div> <div class=\"gmpMapMarkerFilters\" id=\"gmpMapMarkerFilters_1_24516\"> <\/div> <div class=\"gmpMapProControlsCon\" id=\"gmpMapProControlsCon_1_24516\"> <a title=\"WordPress Google Maps\" style=\"display:none;\" href=\"https:\/\/supsystic.com\/plugins\/google-maps-plugin\/?utm_medium=love_link_hide\" target=\"_blank\">WordPress Google Maps<\/a><div style=\"clear: both;\"><\/div> <\/div> <div class=\"gmpMapProDirectionsCon\" id=\"gmpMapProDirectionsCon_1_24516\" > <\/div> <div class=\"gmpMapProKmlFilterCon\" id=\"gmpMapProKmlFilterCon_1_24516\" > <\/div> <div class=\"gmpSocialSharingShell gmpSocialSharingShell_1_24516\"> <\/div> <div style=\"clear: both;\"><\/div> <\/div> <\/div><\/div> <\/div> <div  class=\"row center-xs middle-xs\"> <div  class=\"col-sm-9\" data-type=\"column\"> <\/div> <\/div><\/div> <\/div><div  data-label=\"Content\" data-id=\"content--2\" data-export-id=\"content-7-mc\" data-category=\"content\" class=\"content-7-mc content-section content-section-spacing\" id=\"content-2\" style=\"background-color: rgb(245, 250, 253); background-image: none;\"><div  class=\"gridContainer\"> <div  class=\"row middle-sm\"><div  class=\"col-sm-6 space-bottom-xs\" data-type=\"column\">  <p  class=\"\">Grande pi\u00e8ce de vie avec coin cuisine, coin repas et salon , lit rabattable de qualit\u00e9 en 140\u00d7200, coin montagne avec lit superpos\u00e9.\n<br ><br >\nVolets roulants \u00e9lectriques.\n<br ><br >\nRadiateurs \u00e9lectriques et chauffage central.\n<br ><br >\nCasier \u00e0 ski.\n<br ><br >\njeux de soci\u00e9t\u00e9, livres.\n<br ><br >\n\u00c9lectrom\u00e9nagers: micro ondes, cafeti\u00e8re \u00e0 capsule Nespresso, appareil \u00e0 raclette, appareil \u00e0 fondue, bouilloire, grille pain\u2026\n<br ><br >Mobilier de jardin sur le balcon.\n<\/p> <\/div> <div  class=\"col-sm-6\" data-type=\"column\"> <img  decoding=\"async\" class=\"shadow-large\" src=\"https:\/\/horizon-location-merlette.fr\/wp-content\/uploads\/2023\/03\/cropped-1075dee4-e3ae-4692-853e-27d82d09a7a0.jpg\" title=\"horizon-location-merlette-appart04\" alt=\"\"><\/div> <\/div><\/div> <\/div><div  data-label=\"Content\" data-id=\"content--3\" data-export-id=\"content-7-mc\" data-category=\"content\" class=\"content-7-mc content-section content-section-spacing\" id=\"content-3\" style=\"background-color: rgb(255, 255, 255); background-image: none;\"><div  class=\"gridContainer\"> <div  class=\"row middle-sm\"><div  class=\"col-sm-6 space-bottom-xs\" data-type=\"column\">  <p  class=\"\">Produits m\u00e9nagers fournis\n<br ><br >\n2 jeux de clefs.\n<br ><br >\nLes oreillers et couettes sont fournis.\n<br ><br >\nLes dimensions des oreillers sont 60\u00d760 sur lequels il y a une housse de protection, merci de pr\u00e9voir vos taies. La dimension du matelas du lit rabattable est de 140\u00d7200 \u00e9quip\u00e9 d\u2019une al\u00e8se ainsi que sur les lits superpos\u00e9s.\n<br ><br >\nVous devez laisser l\u2019appartement propre et rang\u00e9 comme \u00e0 votre arriv\u00e9e.\n<br >\n<br >Le linge de lit et de toilette ne sont pas fournis.<\/p> <\/div> <div  class=\"col-sm-6\" data-type=\"column\"> <img  decoding=\"async\" class=\"shadow-large\" src=\"https:\/\/horizon-location-merlette.fr\/wp-content\/uploads\/2023\/03\/cropped-8f2c61f6-716a-4932-b3ad-814ac36bbef2.jpg\" title=\"horizon-location-merlette-appart11\" alt=\"\"><\/div> <\/div><\/div> <\/div><div  data-label=\"Content\" data-id=\"content--6\" data-export-id=\"content-12\" data-category=\"content\" class=\"content-12 content-section content-section-spacing\" id=\"content-6\" style=\"background-color: rgb(245, 250, 253); background-image: none;\"><div  class=\"gridContainer\"> <div  class=\"row text-center\"><div  class=\"section-title-col\" data-type=\"column\">  <\/div> <\/div> <div  class=\"row center-xs middle-xs\"> <div  class=\"col-sm-9\" data-type=\"column\"> <img  decoding=\"async\" class=\"shadow-large\" src=\"https:\/\/horizon-location-merlette.fr\/wp-content\/uploads\/2023\/03\/cropped-c70f0128-a8fc-4f83-b435-f1f996daa495-1.jpg\" title=\"horizon-location-merlette-appart-01\" alt=\"\"><\/div> <\/div><\/div> <\/div><div  data-label=\"Content\" data-id=\"content--8\" data-export-id=\"content-7-mc\" data-category=\"content\" class=\"content-7-mc content-section content-section-spacing\" id=\"content-8\" style=\"background-color: rgb(255, 255, 255); background-image: none;\"><div  class=\"gridContainer\"> <div  class=\"row middle-sm\"><div  class=\"col-sm-6 space-bottom-xs\" data-type=\"column\">  <p  class=\"\">SERVICES en OPTION (\u00e0 r\u00e9server et payer \u00e0 l\u2019arriv\u00e9e)\n<br ><br >\nLes services suivant sont disponibles a la demande :\n<br ><br >\n\u2013 Fourniture de drap : 12\u20ac la parure par lit<br >\n-Fourniture de Toilettes : 3 \u20ac le drap de bain.\n<\/p> <\/div> <div  class=\"col-sm-6\" data-type=\"column\"> <img  decoding=\"async\" class=\"shadow-large\" src=\"https:\/\/horizon-location-merlette.fr\/wp-content\/uploads\/2023\/03\/cropped-20221225_083830.jpg\" title=\"cropped-20221225_083830.jpg\" alt=\"\"><\/div> <\/div><\/div> <\/div><div  data-label=\"Content\" data-id=\"content--10\" data-export-id=\"content-7-mc\" data-category=\"content\" class=\"content-7-mc content-section content-section-spacing\" id=\"content-10\" style=\"background-color: rgb(245, 250, 253); background-image: none;\"><div  class=\"gridContainer\"> <div  class=\"row middle-sm\"><div  class=\"col-sm-6 space-bottom-xs\" data-type=\"column\">  <p  class=\"\">Acc\u00e8s des voyageurs\n<br ><br >\nLes voyageurs ont acc\u00e8s \u00e0 tout le logement, ainsi qu\u2019au casier \u00e0 ski et au parking priv\u00e9 dans un garage couvert place n\u00b092.<br ><br >\nSi vous souhaitez une location \u00e0 la nuit\u00e9e, merci de me contacter afin de conna\u00eetre les disponibilit\u00e9s.<\/p> <\/div> <div  class=\"col-sm-6\" data-type=\"column\"> <img  decoding=\"async\" class=\"shadow-large\" src=\"https:\/\/horizon-location-merlette.fr\/wp-content\/uploads\/2023\/03\/cropped-20221225_083849.jpg\" title=\"cropped-20221225_083849.jpg\" alt=\"\"><\/div> <\/div><\/div> <\/div><div  data-label=\"Content\" data-id=\"content--7\" data-export-id=\"content-7-mc\" data-category=\"content\" class=\"content-7-mc content-section content-section-spacing\" id=\"content-7\" style=\"background-color: rgb(255, 255, 255); background-image: none;\"><div  class=\"gridContainer\"> <div  class=\"row middle-sm\"><div  class=\"col-sm-6 space-bottom-xs\" data-type=\"column\">  <p  class=\"\">R\u00e8gles suppl\u00e9mentaires:\n<br ><br >\n-\u00c9tat des lieux entrant et sortant obligatoire\n<br ><br >\n\u2013 Caution m\u00e9nage 80\u20ac.\n<br >\u2013 Contrat de location ainsi qu\u2019assurance vill\u00e9giature obligatoire.<br ><br >\n-Le locataire s\u2019engage au respect des lieux et des personnes, dans l\u2019utilisation des parties \n<br >communes, de jour comme de nuit, et ce dans le respect des voisins, les nuisances sonores ne sont pas accept\u00e9es.\n<\/p> <\/div> <div  class=\"col-sm-6\" data-type=\"column\"> <img  decoding=\"async\" class=\"shadow-large\" src=\"https:\/\/horizon-location-merlette.fr\/wp-content\/uploads\/2023\/03\/cropped-796bfca3-cced-4c06-878d-7b3407490580-1.jpg\" title=\"horizon-location-merlette-appart03\" alt=\"\"><\/div> <\/div><\/div> <\/div><div  data-label=\"Content\" data-id=\"content--9\" data-export-id=\"content-7-mc\" data-category=\"content\" class=\"content-7-mc content-section content-section-spacing\" id=\"content-9\" style=\"background-color: rgb(245, 250, 253); background-image: none;\"><div  class=\"gridContainer\"> <div  class=\"row middle-sm\"><div  class=\"col-sm-6 space-bottom-xs\" data-type=\"column\">  <p  class=\"\">-Si le nombre de locataires d\u00e9passe la capacit\u00e9 indiqu\u00e9e dans le contrat, et sans accord pr\u00e9alable, le propri\u00e9taire se r\u00e9serve le droit de rompre le contrat.\n<br ><br >-Le logement est NON fumeur.\n<br ><br >\n-Les animaux ne sont pas admis.\n<br ><br >\n-Le propri\u00e9taire d\u00e9cline toute responsabilit\u00e9 en cas de vols, pertes ou d\u00e9g\u00e2ts de toutes sortes pendant ou, \u00e0 la suite d\u2019un s\u00e9jour dans l\u2019appartement.\n<br ><br >\n-Le locataire est responsable des frais occasionn\u00e9s par un usage non ad\u00e9quat du bien lou\u00e9 et des \u00e9quipements ou pour ne pas l\u2019avoir laiss\u00e9 en bon ordre.<\/p> <\/div> <div  class=\"col-sm-6\" data-type=\"column\"> <img  decoding=\"async\" class=\"shadow-large\" src=\"https:\/\/horizon-location-merlette.fr\/wp-content\/uploads\/2023\/03\/cropped-143503b4-d2c7-41bd-8a10-835769ee31a1-1.jpg\" title=\"horizon-location-merlette-appart06\" alt=\"\"><\/div> <\/div><\/div> <\/div>","protected":false},"excerpt":{"rendered":"<p>Description&nbsp; Appartement 34m2, terrasse plein Sud de 10m2 avec superbe vue d\u00e9gag\u00e9e, \u00e0 seulement 2min \u00e0 pieds du c\u0153ur de la station. Parking priv\u00e9 dans un garage couvert ( il n\u2019est pas possible de rentrer avec un coffre de toit). Id\u00e9al pour 4 personnes Ambiance chaleureuse, et conviviale. Grande pi\u00e8ce de vie avec coin cuisine,&hellip; <br \/> <a class=\"read-more\" href=\"https:\/\/horizon-location-merlette.fr\/index.php\/le-logement\/\">Read more<\/a><\/p>\n","protected":false},"author":1,"featured_media":0,"parent":0,"menu_order":0,"comment_status":"closed","ping_status":"closed","template":"pro\/page-templates\/full-width-page.php","meta":{"footnotes":""},"class_list":["post-32","page","type-page","status-publish","hentry"],"yoast_head":"<!-- This site is optimized with the Yoast SEO plugin v27.4 - https:\/\/yoast.com\/product\/yoast-seo-wordpress\/ -->\n<title>Le logement - Horizon Location Merlette<\/title>\n<meta name=\"robots\" content=\"index, follow, max-snippet:-1, max-image-preview:large, max-video-preview:-1\" \/>\n<link rel=\"canonical\" href=\"https:\/\/horizon-location-merlette.fr\/index.php\/le-logement\/\" \/>\n<meta property=\"og:locale\" content=\"fr_FR\" \/>\n<meta property=\"og:type\" content=\"article\" \/>\n<meta property=\"og:title\" content=\"Le logement - Horizon Location Merlette\" \/>\n<meta property=\"og:description\" content=\"Description&nbsp; Appartement 34m2, terrasse plein Sud de 10m2 avec superbe vue d\u00e9gag\u00e9e, \u00e0 seulement 2min \u00e0 pieds du c\u0153ur de la station. Parking priv\u00e9 dans un garage couvert ( il n\u2019est pas possible de rentrer avec un coffre de toit). Id\u00e9al pour 4 personnes Ambiance chaleureuse, et conviviale. Grande pi\u00e8ce de vie avec coin cuisine,&hellip; Read more\" \/>\n<meta property=\"og:url\" content=\"https:\/\/horizon-location-merlette.fr\/index.php\/le-logement\/\" \/>\n<meta property=\"og:site_name\" content=\"Horizon Location Merlette\" \/>\n<meta property=\"article:modified_time\" content=\"2023-05-10T22:47:44+00:00\" \/>\n<meta property=\"og:image\" content=\"https:\/\/horizon-location-merlette.fr\/wp-content\/uploads\/2023\/03\/cropped-20221225_083752.jpg\" \/>\n<meta name=\"twitter:card\" content=\"summary_large_image\" \/>\n<script type=\"application\/ld+json\" class=\"yoast-schema-graph\">{\"@context\":\"https:\\\/\\\/schema.org\",\"@graph\":[{\"@type\":\"WebPage\",\"@id\":\"https:\\\/\\\/horizon-location-merlette.fr\\\/index.php\\\/le-logement\\\/\",\"url\":\"https:\\\/\\\/horizon-location-merlette.fr\\\/index.php\\\/le-logement\\\/\",\"name\":\"Le logement - Horizon Location Merlette\",\"isPartOf\":{\"@id\":\"https:\\\/\\\/horizon-location-merlette.fr\\\/#website\"},\"primaryImageOfPage\":{\"@id\":\"https:\\\/\\\/horizon-location-merlette.fr\\\/index.php\\\/le-logement\\\/#primaryimage\"},\"image\":{\"@id\":\"https:\\\/\\\/horizon-location-merlette.fr\\\/index.php\\\/le-logement\\\/#primaryimage\"},\"thumbnailUrl\":\"https:\\\/\\\/horizon-location-merlette.fr\\\/wp-content\\\/uploads\\\/2023\\\/03\\\/cropped-20221225_083752.jpg\",\"datePublished\":\"2023-03-13T06:58:15+00:00\",\"dateModified\":\"2023-05-10T22:47:44+00:00\",\"breadcrumb\":{\"@id\":\"https:\\\/\\\/horizon-location-merlette.fr\\\/index.php\\\/le-logement\\\/#breadcrumb\"},\"inLanguage\":\"fr-FR\",\"potentialAction\":[{\"@type\":\"ReadAction\",\"target\":[\"https:\\\/\\\/horizon-location-merlette.fr\\\/index.php\\\/le-logement\\\/\"]}]},{\"@type\":\"ImageObject\",\"inLanguage\":\"fr-FR\",\"@id\":\"https:\\\/\\\/horizon-location-merlette.fr\\\/index.php\\\/le-logement\\\/#primaryimage\",\"url\":\"https:\\\/\\\/horizon-location-merlette.fr\\\/wp-content\\\/uploads\\\/2023\\\/03\\\/cropped-20221225_083752.jpg\",\"contentUrl\":\"https:\\\/\\\/horizon-location-merlette.fr\\\/wp-content\\\/uploads\\\/2023\\\/03\\\/cropped-20221225_083752.jpg\",\"width\":1200,\"height\":900},{\"@type\":\"BreadcrumbList\",\"@id\":\"https:\\\/\\\/horizon-location-merlette.fr\\\/index.php\\\/le-logement\\\/#breadcrumb\",\"itemListElement\":[{\"@type\":\"ListItem\",\"position\":1,\"name\":\"Accueil\",\"item\":\"https:\\\/\\\/horizon-location-merlette.fr\\\/\"},{\"@type\":\"ListItem\",\"position\":2,\"name\":\"Le logement\"}]},{\"@type\":\"WebSite\",\"@id\":\"https:\\\/\\\/horizon-location-merlette.fr\\\/#website\",\"url\":\"https:\\\/\\\/horizon-location-merlette.fr\\\/\",\"name\":\"Horizon Location Merlette\",\"description\":\"\",\"publisher\":{\"@id\":\"https:\\\/\\\/horizon-location-merlette.fr\\\/#organization\"},\"potentialAction\":[{\"@type\":\"SearchAction\",\"target\":{\"@type\":\"EntryPoint\",\"urlTemplate\":\"https:\\\/\\\/horizon-location-merlette.fr\\\/?s={search_term_string}\"},\"query-input\":{\"@type\":\"PropertyValueSpecification\",\"valueRequired\":true,\"valueName\":\"search_term_string\"}}],\"inLanguage\":\"fr-FR\"},{\"@type\":\"Organization\",\"@id\":\"https:\\\/\\\/horizon-location-merlette.fr\\\/#organization\",\"name\":\"Horizon Location Merlette\",\"url\":\"https:\\\/\\\/horizon-location-merlette.fr\\\/\",\"logo\":{\"@type\":\"ImageObject\",\"inLanguage\":\"fr-FR\",\"@id\":\"https:\\\/\\\/horizon-location-merlette.fr\\\/#\\\/schema\\\/logo\\\/image\\\/\",\"url\":\"https:\\\/\\\/horizon-location-merlette.fr\\\/wp-content\\\/uploads\\\/2023\\\/03\\\/cropped-hlm-long-1.png\",\"contentUrl\":\"https:\\\/\\\/horizon-location-merlette.fr\\\/wp-content\\\/uploads\\\/2023\\\/03\\\/cropped-hlm-long-1.png\",\"width\":1500,\"height\":699,\"caption\":\"Horizon Location Merlette\"},\"image\":{\"@id\":\"https:\\\/\\\/horizon-location-merlette.fr\\\/#\\\/schema\\\/logo\\\/image\\\/\"}}]}<\/script>\n<!-- \/ Yoast SEO plugin. -->","yoast_head_json":{"title":"Le logement - Horizon Location Merlette","robots":{"index":"index","follow":"follow","max-snippet":"max-snippet:-1","max-image-preview":"max-image-preview:large","max-video-preview":"max-video-preview:-1"},"canonical":"https:\/\/horizon-location-merlette.fr\/index.php\/le-logement\/","og_locale":"fr_FR","og_type":"article","og_title":"Le logement - Horizon Location Merlette","og_description":"Description&nbsp; Appartement 34m2, terrasse plein Sud de 10m2 avec superbe vue d\u00e9gag\u00e9e, \u00e0 seulement 2min \u00e0 pieds du c\u0153ur de la station. Parking priv\u00e9 dans un garage couvert ( il n\u2019est pas possible de rentrer avec un coffre de toit). Id\u00e9al pour 4 personnes Ambiance chaleureuse, et conviviale. Grande pi\u00e8ce de vie avec coin cuisine,&hellip; Read more","og_url":"https:\/\/horizon-location-merlette.fr\/index.php\/le-logement\/","og_site_name":"Horizon Location Merlette","article_modified_time":"2023-05-10T22:47:44+00:00","og_image":[{"url":"https:\/\/horizon-location-merlette.fr\/wp-content\/uploads\/2023\/03\/cropped-20221225_083752.jpg","type":"","width":"","height":""}],"twitter_card":"summary_large_image","schema":{"@context":"https:\/\/schema.org","@graph":[{"@type":"WebPage","@id":"https:\/\/horizon-location-merlette.fr\/index.php\/le-logement\/","url":"https:\/\/horizon-location-merlette.fr\/index.php\/le-logement\/","name":"Le logement - Horizon Location Merlette","isPartOf":{"@id":"https:\/\/horizon-location-merlette.fr\/#website"},"primaryImageOfPage":{"@id":"https:\/\/horizon-location-merlette.fr\/index.php\/le-logement\/#primaryimage"},"image":{"@id":"https:\/\/horizon-location-merlette.fr\/index.php\/le-logement\/#primaryimage"},"thumbnailUrl":"https:\/\/horizon-location-merlette.fr\/wp-content\/uploads\/2023\/03\/cropped-20221225_083752.jpg","datePublished":"2023-03-13T06:58:15+00:00","dateModified":"2023-05-10T22:47:44+00:00","breadcrumb":{"@id":"https:\/\/horizon-location-merlette.fr\/index.php\/le-logement\/#breadcrumb"},"inLanguage":"fr-FR","potentialAction":[{"@type":"ReadAction","target":["https:\/\/horizon-location-merlette.fr\/index.php\/le-logement\/"]}]},{"@type":"ImageObject","inLanguage":"fr-FR","@id":"https:\/\/horizon-location-merlette.fr\/index.php\/le-logement\/#primaryimage","url":"https:\/\/horizon-location-merlette.fr\/wp-content\/uploads\/2023\/03\/cropped-20221225_083752.jpg","contentUrl":"https:\/\/horizon-location-merlette.fr\/wp-content\/uploads\/2023\/03\/cropped-20221225_083752.jpg","width":1200,"height":900},{"@type":"BreadcrumbList","@id":"https:\/\/horizon-location-merlette.fr\/index.php\/le-logement\/#breadcrumb","itemListElement":[{"@type":"ListItem","position":1,"name":"Accueil","item":"https:\/\/horizon-location-merlette.fr\/"},{"@type":"ListItem","position":2,"name":"Le logement"}]},{"@type":"WebSite","@id":"https:\/\/horizon-location-merlette.fr\/#website","url":"https:\/\/horizon-location-merlette.fr\/","name":"Horizon Location Merlette","description":"","publisher":{"@id":"https:\/\/horizon-location-merlette.fr\/#organization"},"potentialAction":[{"@type":"SearchAction","target":{"@type":"EntryPoint","urlTemplate":"https:\/\/horizon-location-merlette.fr\/?s={search_term_string}"},"query-input":{"@type":"PropertyValueSpecification","valueRequired":true,"valueName":"search_term_string"}}],"inLanguage":"fr-FR"},{"@type":"Organization","@id":"https:\/\/horizon-location-merlette.fr\/#organization","name":"Horizon Location Merlette","url":"https:\/\/horizon-location-merlette.fr\/","logo":{"@type":"ImageObject","inLanguage":"fr-FR","@id":"https:\/\/horizon-location-merlette.fr\/#\/schema\/logo\/image\/","url":"https:\/\/horizon-location-merlette.fr\/wp-content\/uploads\/2023\/03\/cropped-hlm-long-1.png","contentUrl":"https:\/\/horizon-location-merlette.fr\/wp-content\/uploads\/2023\/03\/cropped-hlm-long-1.png","width":1500,"height":699,"caption":"Horizon Location Merlette"},"image":{"@id":"https:\/\/horizon-location-merlette.fr\/#\/schema\/logo\/image\/"}}]}},"_links":{"self":[{"href":"https:\/\/horizon-location-merlette.fr\/index.php\/wp-json\/wp\/v2\/pages\/32","targetHints":{"allow":["GET"]}}],"collection":[{"href":"https:\/\/horizon-location-merlette.fr\/index.php\/wp-json\/wp\/v2\/pages"}],"about":[{"href":"https:\/\/horizon-location-merlette.fr\/index.php\/wp-json\/wp\/v2\/types\/page"}],"author":[{"embeddable":true,"href":"https:\/\/horizon-location-merlette.fr\/index.php\/wp-json\/wp\/v2\/users\/1"}],"replies":[{"embeddable":true,"href":"https:\/\/horizon-location-merlette.fr\/index.php\/wp-json\/wp\/v2\/comments?post=32"}],"version-history":[{"count":10,"href":"https:\/\/horizon-location-merlette.fr\/index.php\/wp-json\/wp\/v2\/pages\/32\/revisions"}],"predecessor-version":[{"id":240,"href":"https:\/\/horizon-location-merlette.fr\/index.php\/wp-json\/wp\/v2\/pages\/32\/revisions\/240"}],"wp:attachment":[{"href":"https:\/\/horizon-location-merlette.fr\/index.php\/wp-json\/wp\/v2\/media?parent=32"}],"curies":[{"name":"wp","href":"https:\/\/api.w.org\/{rel}","templated":true}]}}