{"id":34,"date":"2023-03-13T07:58:48","date_gmt":"2023-03-13T06:58:48","guid":{"rendered":"https:\/\/horizon-location-merlette.fr\/?page_id=34"},"modified":"2023-05-11T01:05:06","modified_gmt":"2023-05-10T23:05:06","slug":"la-station-orcieres-merlette-sejour-activites-montagne","status":"publish","type":"page","link":"https:\/\/horizon-location-merlette.fr\/index.php\/la-station-orcieres-merlette-sejour-activites-montagne\/","title":{"rendered":"La station"},"content":{"rendered":"<div  data-label=\"About\" data-id=\"about--1\" data-export-id=\"about-1\" data-category=\"about\" class=\"about-1 content-section\" id=\"about-1\" style=\"background-color: rgb(255, 255, 255);\"><div  class=\"gridContainer\"> <div  class=\"row text-center\"><div  class=\"section-title-col\" data-type=\"column\">  <h2  class=\"\"><span  href=\"#\" style=\"font-weight: 700; font-family: Playfair Display,sans-serif; font-style: italic;\">Grand Domaine Skiable<\/span>&nbsp;au coeur de la vall\u00e9e du Champsaur<\/h2> <p  class=\"lead\">La station d\u2019Orci\u00e8res-Merlette se situant en 1850 m\u00e8tres d\u2019altitude b\u00e9n\u00e9ficie d\u2019un ensoleillement optimal toute la journ\u00e9e.\n<br ><br >\nElle est dot\u00e9e de 44 pistes et culmine \u00e0 2725 m d\u2019altitude.\n<br ><br >\nOn y trouve \u00e9galement un snowpark de plus de 16000 m2 ainsi que des pistes ludiques pour les plus petits.\n<br ><br ><br >\nEntre deux descentes, le restaurant d\u2019altitude vous permettra de faire une petite pause.<\/p><\/div> <\/div> <div  class=\"row\"> <div  class=\"button-holder space-bottom space-bottom-small\" data-type=\"column\"> <\/div> <div  class=\"col-xs bottom-xs flexbox image-group-bottom-3-img space-bottom-xs center-xs\"> <img  decoding=\"async\" class=\"left-img shadow-large-black\" data-size=\"500x300\" src=\"https:\/\/horizon-location-merlette.fr\/wp-content\/uploads\/2023\/03\/cropped-f1c3d93c-00cb-4304-a158-96d422cd972f.jpg\" title=\"cropped-f1c3d93c-00cb-4304-a158-96d422cd972f.jpg\" alt=\"\"> <img  decoding=\"async\" class=\"center-img shadow-large-black\" data-size=\"500x300\" src=\"https:\/\/horizon-location-merlette.fr\/wp-content\/uploads\/2023\/03\/cropped-Logo_Orcieres_1850.jpg\" title=\"Orci\u00e8res1850_V_P Merlette\" alt=\"\"> <img  decoding=\"async\" class=\"right-img shadow-large-black\" data-size=\"500x300\" src=\"https:\/\/horizon-location-merlette.fr\/wp-content\/uploads\/2023\/03\/cropped-belambra-orcieres-merlette-le-roc-blanc-lot-24-64fa45d146dcce8757f837e2709552e6c78202fb.png\" title=\"cropped-belambra-orcieres-merlette-le-roc-blanc-lot-24-64fa45d146dcce8757f837e2709552e6c78202fb.png\" alt=\"\"><\/div> <\/div><\/div> <\/div><div  data-label=\"Content\" data-id=\"content--1\" data-export-id=\"content-3\" data-category=\"content\" class=\"content-3 content-section content-section-spacing\" id=\"content-1\" style=\"background-color: rgb(245, 250, 253);\"><div > <div  class=\"row middle-xs\"><div  class=\"col-sm-7 full-col-left-padding full-col-right-padding\"> <div  class=\"row\"><div  data-type=\"column\" class=\"space-bottom-small content-title-col\">  <h2  class=\"\">De <span  style=\"font-family: &quot;Playfair Display&quot;, arial, helvetica, sans-serif; font-style: italic; font-weight: 700;\">nombreuses activit\u00e9s<\/span> pour toute la famille.<\/h2> <p  class=\"\">La station labellis\u00e9 \u00ab famille plus \u00bb offre de nombreuses activit\u00e9s pour toute la famille.\n<br >\n<br >Le complexe de d\u00e9tente et de loisirs propose piscine, patinoire, bowling, cin\u00e9ma mais aussi un espace de d\u00e9tente et de bien-\u00eatre.\n<br >\n<br >D\u2019autres nombreuses activit\u00e9s comme cascade de glace, promenade en chien de tra\u00eeneau, bou\u00e9e sur neige, parapente, motoneige et surtout la tyrolienne qui est l\u2019une des plus grande d\u2019Europe !!<\/p><\/div> <\/div> <div  class=\"row spaced-cols\" data-type=\"row\"> <div  class=\"col-xs-6\" data-type=\"column\">  <\/div>    <\/div><\/div> <div  class=\"col-sm-5 bg-image shadow-large-black revert-classes-holder\" data-bg=\"image\" style=\"background-image: url(&quot;https:\/\/horizon-location-merlette.fr\/wp-content\/uploads\/2023\/03\/cropped-ab4e6614-1093-4646-987d-6c081772e3b2.jpg&quot;);\"><\/div><\/div> <\/div><\/div><div  data-label=\"Cta\" data-id=\"cta--1\" data-export-id=\"cta-centered-bg-section\" data-category=\"cta\" data-section-ov=\"1\" class=\"cta-centered-bg-section content-section content-section-spacing-medium white-text\" data-parallax-depth=\"20\" id=\"cta-1\" style=\"background-color: rgb(255, 255, 255); background-image: url(&quot;https:\/\/horizon-location-merlette.fr\/wp-content\/uploads\/2023\/03\/cropped-41891226-23c1-457e-80b6-84bd8385f796.jpg&quot;); background-size: cover; background-position: center top;\"><div  class=\"gridContainer\"> <div  class=\"row text-center\"><div  data-type=\"column\" class=\"\">  <\/div> <\/div><\/div> <\/div>","protected":false},"excerpt":{"rendered":"<p>Grand Domaine Skiable&nbsp;au coeur de la vall\u00e9e du Champsaur La station d\u2019Orci\u00e8res-Merlette se situant en 1850 m\u00e8tres d\u2019altitude b\u00e9n\u00e9ficie d\u2019un ensoleillement optimal toute la journ\u00e9e. Elle est dot\u00e9e de 44 pistes et culmine \u00e0 2725 m d\u2019altitude. On y trouve \u00e9galement un snowpark de plus de 16000 m2 ainsi que des pistes ludiques pour les&hellip; <br \/> <a class=\"read-more\" href=\"https:\/\/horizon-location-merlette.fr\/index.php\/la-station-orcieres-merlette-sejour-activites-montagne\/\">Read more<\/a><\/p>\n","protected":false},"author":1,"featured_media":146,"parent":0,"menu_order":0,"comment_status":"closed","ping_status":"closed","template":"pro\/page-templates\/full-width-page.php","meta":{"footnotes":""},"class_list":["post-34","page","type-page","status-publish","has-post-thumbnail","hentry"],"yoast_head":"<!-- This site is optimized with the Yoast SEO plugin v27.4 - https:\/\/yoast.com\/product\/yoast-seo-wordpress\/ -->\n<title>La station - Horizon Location Merlette<\/title>\n<meta name=\"description\" content=\"Le plus grand Domaine Skiable du Champsaur. Une station \u00e0 1850m d&#039;altitude offrant \u00e9norm\u00e9ment d&#039;activit\u00e9 \u00e9t\u00e9 comme hiver.\" \/>\n<meta name=\"robots\" content=\"index, follow, max-snippet:-1, max-image-preview:large, max-video-preview:-1\" \/>\n<link rel=\"canonical\" href=\"https:\/\/horizon-location-merlette.fr\/index.php\/la-station-orcieres-merlette-sejour-activites-montagne\/\" \/>\n<meta property=\"og:locale\" content=\"fr_FR\" \/>\n<meta property=\"og:type\" content=\"article\" \/>\n<meta property=\"og:title\" content=\"La station - Horizon Location Merlette\" \/>\n<meta property=\"og:description\" content=\"Le plus grand Domaine Skiable du Champsaur. Une station \u00e0 1850m d&#039;altitude offrant \u00e9norm\u00e9ment d&#039;activit\u00e9 \u00e9t\u00e9 comme hiver.\" \/>\n<meta property=\"og:url\" content=\"https:\/\/horizon-location-merlette.fr\/index.php\/la-station-orcieres-merlette-sejour-activites-montagne\/\" \/>\n<meta property=\"og:site_name\" content=\"Horizon Location Merlette\" \/>\n<meta property=\"article:modified_time\" content=\"2023-05-10T23:05:06+00:00\" \/>\n<meta property=\"og:image\" content=\"https:\/\/horizon-location-merlette.fr\/wp-content\/uploads\/2023\/03\/631f7bde7174cda48fe74cdf6a3f883e.jpg-scaled.webp\" \/>\n\t<meta property=\"og:image:width\" content=\"2560\" \/>\n\t<meta property=\"og:image:height\" content=\"1702\" \/>\n\t<meta property=\"og:image:type\" content=\"image\/webp\" \/>\n<meta name=\"twitter:card\" content=\"summary_large_image\" \/>\n<meta name=\"twitter:label1\" content=\"Dur\u00e9e de lecture estim\u00e9e\" \/>\n\t<meta name=\"twitter:data1\" content=\"2 minutes\" \/>\n<script type=\"application\/ld+json\" class=\"yoast-schema-graph\">{\"@context\":\"https:\\\/\\\/schema.org\",\"@graph\":[{\"@type\":\"WebPage\",\"@id\":\"https:\\\/\\\/horizon-location-merlette.fr\\\/index.php\\\/la-station-orcieres-merlette-sejour-activites-montagne\\\/\",\"url\":\"https:\\\/\\\/horizon-location-merlette.fr\\\/index.php\\\/la-station-orcieres-merlette-sejour-activites-montagne\\\/\",\"name\":\"La station - Horizon Location Merlette\",\"isPartOf\":{\"@id\":\"https:\\\/\\\/horizon-location-merlette.fr\\\/#website\"},\"primaryImageOfPage\":{\"@id\":\"https:\\\/\\\/horizon-location-merlette.fr\\\/index.php\\\/la-station-orcieres-merlette-sejour-activites-montagne\\\/#primaryimage\"},\"image\":{\"@id\":\"https:\\\/\\\/horizon-location-merlette.fr\\\/index.php\\\/la-station-orcieres-merlette-sejour-activites-montagne\\\/#primaryimage\"},\"thumbnailUrl\":\"https:\\\/\\\/horizon-location-merlette.fr\\\/wp-content\\\/uploads\\\/2023\\\/03\\\/631f7bde7174cda48fe74cdf6a3f883e.jpg-scaled.webp\",\"datePublished\":\"2023-03-13T06:58:48+00:00\",\"dateModified\":\"2023-05-10T23:05:06+00:00\",\"description\":\"Le plus grand Domaine Skiable du Champsaur. Une station \u00e0 1850m d'altitude offrant \u00e9norm\u00e9ment d'activit\u00e9 \u00e9t\u00e9 comme hiver.\",\"breadcrumb\":{\"@id\":\"https:\\\/\\\/horizon-location-merlette.fr\\\/index.php\\\/la-station-orcieres-merlette-sejour-activites-montagne\\\/#breadcrumb\"},\"inLanguage\":\"fr-FR\",\"potentialAction\":[{\"@type\":\"ReadAction\",\"target\":[\"https:\\\/\\\/horizon-location-merlette.fr\\\/index.php\\\/la-station-orcieres-merlette-sejour-activites-montagne\\\/\"]}]},{\"@type\":\"ImageObject\",\"inLanguage\":\"fr-FR\",\"@id\":\"https:\\\/\\\/horizon-location-merlette.fr\\\/index.php\\\/la-station-orcieres-merlette-sejour-activites-montagne\\\/#primaryimage\",\"url\":\"https:\\\/\\\/horizon-location-merlette.fr\\\/wp-content\\\/uploads\\\/2023\\\/03\\\/631f7bde7174cda48fe74cdf6a3f883e.jpg-scaled.webp\",\"contentUrl\":\"https:\\\/\\\/horizon-location-merlette.fr\\\/wp-content\\\/uploads\\\/2023\\\/03\\\/631f7bde7174cda48fe74cdf6a3f883e.jpg-scaled.webp\",\"width\":2560,\"height\":1702},{\"@type\":\"BreadcrumbList\",\"@id\":\"https:\\\/\\\/horizon-location-merlette.fr\\\/index.php\\\/la-station-orcieres-merlette-sejour-activites-montagne\\\/#breadcrumb\",\"itemListElement\":[{\"@type\":\"ListItem\",\"position\":1,\"name\":\"Accueil\",\"item\":\"https:\\\/\\\/horizon-location-merlette.fr\\\/\"},{\"@type\":\"ListItem\",\"position\":2,\"name\":\"La station\"}]},{\"@type\":\"WebSite\",\"@id\":\"https:\\\/\\\/horizon-location-merlette.fr\\\/#website\",\"url\":\"https:\\\/\\\/horizon-location-merlette.fr\\\/\",\"name\":\"Horizon Location Merlette\",\"description\":\"\",\"publisher\":{\"@id\":\"https:\\\/\\\/horizon-location-merlette.fr\\\/#organization\"},\"potentialAction\":[{\"@type\":\"SearchAction\",\"target\":{\"@type\":\"EntryPoint\",\"urlTemplate\":\"https:\\\/\\\/horizon-location-merlette.fr\\\/?s={search_term_string}\"},\"query-input\":{\"@type\":\"PropertyValueSpecification\",\"valueRequired\":true,\"valueName\":\"search_term_string\"}}],\"inLanguage\":\"fr-FR\"},{\"@type\":\"Organization\",\"@id\":\"https:\\\/\\\/horizon-location-merlette.fr\\\/#organization\",\"name\":\"Horizon Location Merlette\",\"url\":\"https:\\\/\\\/horizon-location-merlette.fr\\\/\",\"logo\":{\"@type\":\"ImageObject\",\"inLanguage\":\"fr-FR\",\"@id\":\"https:\\\/\\\/horizon-location-merlette.fr\\\/#\\\/schema\\\/logo\\\/image\\\/\",\"url\":\"https:\\\/\\\/horizon-location-merlette.fr\\\/wp-content\\\/uploads\\\/2023\\\/03\\\/cropped-hlm-long-1.png\",\"contentUrl\":\"https:\\\/\\\/horizon-location-merlette.fr\\\/wp-content\\\/uploads\\\/2023\\\/03\\\/cropped-hlm-long-1.png\",\"width\":1500,\"height\":699,\"caption\":\"Horizon Location Merlette\"},\"image\":{\"@id\":\"https:\\\/\\\/horizon-location-merlette.fr\\\/#\\\/schema\\\/logo\\\/image\\\/\"}}]}<\/script>\n<!-- \/ Yoast SEO plugin. -->","yoast_head_json":{"title":"La station - Horizon Location Merlette","description":"Le plus grand Domaine Skiable du Champsaur. Une station \u00e0 1850m d'altitude offrant \u00e9norm\u00e9ment d'activit\u00e9 \u00e9t\u00e9 comme hiver.","robots":{"index":"index","follow":"follow","max-snippet":"max-snippet:-1","max-image-preview":"max-image-preview:large","max-video-preview":"max-video-preview:-1"},"canonical":"https:\/\/horizon-location-merlette.fr\/index.php\/la-station-orcieres-merlette-sejour-activites-montagne\/","og_locale":"fr_FR","og_type":"article","og_title":"La station - Horizon Location Merlette","og_description":"Le plus grand Domaine Skiable du Champsaur. Une station \u00e0 1850m d'altitude offrant \u00e9norm\u00e9ment d'activit\u00e9 \u00e9t\u00e9 comme hiver.","og_url":"https:\/\/horizon-location-merlette.fr\/index.php\/la-station-orcieres-merlette-sejour-activites-montagne\/","og_site_name":"Horizon Location Merlette","article_modified_time":"2023-05-10T23:05:06+00:00","og_image":[{"width":2560,"height":1702,"url":"https:\/\/horizon-location-merlette.fr\/wp-content\/uploads\/2023\/03\/631f7bde7174cda48fe74cdf6a3f883e.jpg-scaled.webp","type":"image\/webp"}],"twitter_card":"summary_large_image","twitter_misc":{"Dur\u00e9e de lecture estim\u00e9e":"2 minutes"},"schema":{"@context":"https:\/\/schema.org","@graph":[{"@type":"WebPage","@id":"https:\/\/horizon-location-merlette.fr\/index.php\/la-station-orcieres-merlette-sejour-activites-montagne\/","url":"https:\/\/horizon-location-merlette.fr\/index.php\/la-station-orcieres-merlette-sejour-activites-montagne\/","name":"La station - Horizon Location Merlette","isPartOf":{"@id":"https:\/\/horizon-location-merlette.fr\/#website"},"primaryImageOfPage":{"@id":"https:\/\/horizon-location-merlette.fr\/index.php\/la-station-orcieres-merlette-sejour-activites-montagne\/#primaryimage"},"image":{"@id":"https:\/\/horizon-location-merlette.fr\/index.php\/la-station-orcieres-merlette-sejour-activites-montagne\/#primaryimage"},"thumbnailUrl":"https:\/\/horizon-location-merlette.fr\/wp-content\/uploads\/2023\/03\/631f7bde7174cda48fe74cdf6a3f883e.jpg-scaled.webp","datePublished":"2023-03-13T06:58:48+00:00","dateModified":"2023-05-10T23:05:06+00:00","description":"Le plus grand Domaine Skiable du Champsaur. Une station \u00e0 1850m d'altitude offrant \u00e9norm\u00e9ment d'activit\u00e9 \u00e9t\u00e9 comme hiver.","breadcrumb":{"@id":"https:\/\/horizon-location-merlette.fr\/index.php\/la-station-orcieres-merlette-sejour-activites-montagne\/#breadcrumb"},"inLanguage":"fr-FR","potentialAction":[{"@type":"ReadAction","target":["https:\/\/horizon-location-merlette.fr\/index.php\/la-station-orcieres-merlette-sejour-activites-montagne\/"]}]},{"@type":"ImageObject","inLanguage":"fr-FR","@id":"https:\/\/horizon-location-merlette.fr\/index.php\/la-station-orcieres-merlette-sejour-activites-montagne\/#primaryimage","url":"https:\/\/horizon-location-merlette.fr\/wp-content\/uploads\/2023\/03\/631f7bde7174cda48fe74cdf6a3f883e.jpg-scaled.webp","contentUrl":"https:\/\/horizon-location-merlette.fr\/wp-content\/uploads\/2023\/03\/631f7bde7174cda48fe74cdf6a3f883e.jpg-scaled.webp","width":2560,"height":1702},{"@type":"BreadcrumbList","@id":"https:\/\/horizon-location-merlette.fr\/index.php\/la-station-orcieres-merlette-sejour-activites-montagne\/#breadcrumb","itemListElement":[{"@type":"ListItem","position":1,"name":"Accueil","item":"https:\/\/horizon-location-merlette.fr\/"},{"@type":"ListItem","position":2,"name":"La station"}]},{"@type":"WebSite","@id":"https:\/\/horizon-location-merlette.fr\/#website","url":"https:\/\/horizon-location-merlette.fr\/","name":"Horizon Location Merlette","description":"","publisher":{"@id":"https:\/\/horizon-location-merlette.fr\/#organization"},"potentialAction":[{"@type":"SearchAction","target":{"@type":"EntryPoint","urlTemplate":"https:\/\/horizon-location-merlette.fr\/?s={search_term_string}"},"query-input":{"@type":"PropertyValueSpecification","valueRequired":true,"valueName":"search_term_string"}}],"inLanguage":"fr-FR"},{"@type":"Organization","@id":"https:\/\/horizon-location-merlette.fr\/#organization","name":"Horizon Location Merlette","url":"https:\/\/horizon-location-merlette.fr\/","logo":{"@type":"ImageObject","inLanguage":"fr-FR","@id":"https:\/\/horizon-location-merlette.fr\/#\/schema\/logo\/image\/","url":"https:\/\/horizon-location-merlette.fr\/wp-content\/uploads\/2023\/03\/cropped-hlm-long-1.png","contentUrl":"https:\/\/horizon-location-merlette.fr\/wp-content\/uploads\/2023\/03\/cropped-hlm-long-1.png","width":1500,"height":699,"caption":"Horizon Location Merlette"},"image":{"@id":"https:\/\/horizon-location-merlette.fr\/#\/schema\/logo\/image\/"}}]}},"_links":{"self":[{"href":"https:\/\/horizon-location-merlette.fr\/index.php\/wp-json\/wp\/v2\/pages\/34","targetHints":{"allow":["GET"]}}],"collection":[{"href":"https:\/\/horizon-location-merlette.fr\/index.php\/wp-json\/wp\/v2\/pages"}],"about":[{"href":"https:\/\/horizon-location-merlette.fr\/index.php\/wp-json\/wp\/v2\/types\/page"}],"author":[{"embeddable":true,"href":"https:\/\/horizon-location-merlette.fr\/index.php\/wp-json\/wp\/v2\/users\/1"}],"replies":[{"embeddable":true,"href":"https:\/\/horizon-location-merlette.fr\/index.php\/wp-json\/wp\/v2\/comments?post=34"}],"version-history":[{"count":6,"href":"https:\/\/horizon-location-merlette.fr\/index.php\/wp-json\/wp\/v2\/pages\/34\/revisions"}],"predecessor-version":[{"id":248,"href":"https:\/\/horizon-location-merlette.fr\/index.php\/wp-json\/wp\/v2\/pages\/34\/revisions\/248"}],"wp:featuredmedia":[{"embeddable":true,"href":"https:\/\/horizon-location-merlette.fr\/index.php\/wp-json\/wp\/v2\/media\/146"}],"wp:attachment":[{"href":"https:\/\/horizon-location-merlette.fr\/index.php\/wp-json\/wp\/v2\/media?parent=34"}],"curies":[{"name":"wp","href":"https:\/\/api.w.org\/{rel}","templated":true}]}}